{"id":1292,"date":"2023-03-16T14:59:44","date_gmt":"2023-03-16T14:59:44","guid":{"rendered":"https:\/\/smiity.com\/terms-and-conditions\/"},"modified":"2023-11-14T16:02:27","modified_gmt":"2023-11-14T16:02:27","slug":"termos-condicoes","status":"publish","type":"page","link":"https:\/\/smiity.com\/pt-pt\/termos-condicoes\/","title":{"rendered":"Termos e Condi\u00e7\u00f5es"},"content":{"rendered":"<p>[et_pb_section fb_built=&#8221;1&#8243; admin_label=&#8221;Section&#8221; _builder_version=&#8221;4.20.2&#8243; _module_preset=&#8221;default&#8221; background_color=&#8221;RGBA(255,255,255,0)&#8221; background_enable_image=&#8221;off&#8221; custom_padding=&#8221;20px||20px||true|false&#8221; locked=&#8221;off&#8221; global_colors_info=&#8221;{}&#8221;][et_pb_row _builder_version=&#8221;4.20.2&#8243; _module_preset=&#8221;default&#8221; custom_padding=&#8221;0px||0px||true|false&#8221; locked=&#8221;off&#8221; global_colors_info=&#8221;{}&#8221;][et_pb_column type=&#8221;4_4&#8243; _builder_version=&#8221;4.20.2&#8243; _module_preset=&#8221;default&#8221; global_colors_info=&#8221;{}&#8221;][et_pb_text _builder_version=&#8221;4.20.2&#8243; _module_preset=&#8221;default&#8221; text_text_color=&#8221;#001726&#8243; text_font_size=&#8221;12px&#8221; text_line_height=&#8221;15px&#8221; link_text_color=&#8221;#001726&#8243; text_font_size_tablet=&#8221;10px&#8221; text_line_height_tablet=&#8221;15px&#8221; custom_css_main_element=&#8221;width: fit-content;||display: inline-block;||margin-right: 3px;&#8221; global_colors_info=&#8221;{}&#8221;]<\/p>\n<p><a href=\"https:\/\/smiity.com\/pt-pt\/\">Home<\/a> &gt; <a href=\"https:\/\/smiity.com\/pt-pt\/termos-condicoes\/\">Termos e Condi\u00e7\u00f5es<\/a><\/p>\n<p>[\/et_pb_text][\/et_pb_column][\/et_pb_row][\/et_pb_section][et_pb_section fb_built=&#8221;1&#8243; module_id=&#8221;privacy-content&#8221; _builder_version=&#8221;4.20.2&#8243; _module_preset=&#8221;default&#8221; background_color=&#8221;#FFFFFF&#8221; width=&#8221;80%&#8221; width_tablet=&#8221;90%&#8221; width_phone=&#8221;90%&#8221; width_last_edited=&#8221;on|phone&#8221; module_alignment=&#8221;center&#8221; custom_padding=&#8221;20px|0px|20px|0px|true|true&#8221; border_radii=&#8221;on|4px|4px|4px|4px&#8221; box_shadow_style=&#8221;preset1&#8243; box_shadow_blur=&#8221;8px&#8221; locked=&#8221;off&#8221; global_colors_info=&#8221;{}&#8221;][et_pb_row _builder_version=&#8221;4.20.2&#8243; _module_preset=&#8221;default&#8221; custom_margin=&#8221;||||false|false&#8221; global_colors_info=&#8221;{}&#8221;][et_pb_column type=&#8221;4_4&#8243; _builder_version=&#8221;4.20.2&#8243; _module_preset=&#8221;default&#8221; global_colors_info=&#8221;{}&#8221;][et_pb_text module_class=&#8221;general-text article-title&#8221; _builder_version=&#8221;4.20.2&#8243; _dynamic_attributes=&#8221;content&#8221; _module_preset=&#8221;default&#8221; text_font=&#8221;|600|||||||&#8221; text_text_color=&#8221;#001726&#8243; text_font_size=&#8221;48px&#8221; text_line_height=&#8221;60px&#8221; custom_margin=&#8221;||10px||false|false&#8221; text_font_size_tablet=&#8221;34px&#8221; text_line_height_tablet=&#8221;43px&#8221; global_colors_info=&#8221;{}&#8221;]@ET-DC@eyJkeW5hbWljIjp0cnVlLCJjb250ZW50IjoicG9zdF90aXRsZSIsInNldHRpbmdzIjp7ImJlZm9yZSI6IiIsImFmdGVyIjoiIn19@[\/et_pb_text][et_pb_text module_class=&#8221;general-text article-date&#8221; _builder_version=&#8221;4.20.2&#8243; _module_preset=&#8221;default&#8221; text_text_color=&#8221;#001726&#8243; text_font_size=&#8221;12px&#8221; text_line_height=&#8221;15px&#8221; text_font_size_tablet=&#8221;10px&#8221; text_line_height_tablet=&#8221;13px&#8221; global_colors_info=&#8221;{}&#8221;]<\/p>\n<p>Effective date: 2022-08-07<\/p>\n<p>[\/et_pb_text][\/et_pb_column][\/et_pb_row][et_pb_row _builder_version=&#8221;4.20.2&#8243; _module_preset=&#8221;default&#8221; global_colors_info=&#8221;{}&#8221;][et_pb_column type=&#8221;4_4&#8243; _builder_version=&#8221;4.20.2&#8243; _module_preset=&#8221;default&#8221; global_colors_info=&#8221;{}&#8221;][et_pb_text _builder_version=&#8221;4.20.2&#8243; _module_preset=&#8221;default&#8221; global_colors_info=&#8221;{}&#8221;]<\/p>\n<p><span style=\"font-weight: 400;\">Bem-vindo \u00e0 SMIITY, a solu\u00e7\u00e3o de turismo inteligente que disponibiliza informa\u00e7\u00e3o local e contextualizada aos cidad\u00e3os e turistas. O nosso servi\u00e7o inclui Eventos, Pontos de Interesse, Not\u00edcias, Redes Sociais, Percursos, Media e conte\u00fados que s\u00e3o recolhidos junto dos nossos Clientes e de outras fontes p\u00fablicas.\u00a0<\/span><\/p>\n<p><span style=\"font-weight: 400;\">O nosso site, propriedades m\u00f3veis e aplica\u00e7\u00f5es relacionadas fazem parte da SMIITY, que \u00e9 detida e operada pela SMITICITY &#8211; SMART CITY SOLUTIONS, LDA. Em &#8220;Contacte-nos&#8221; encontrar\u00e1 mais detalhes sobre n\u00f3s.<\/span><\/p>\n<p>[\/et_pb_text][\/et_pb_column][\/et_pb_row][et_pb_row _builder_version=&#8221;4.20.2&#8243; _module_preset=&#8221;default&#8221; global_colors_info=&#8221;{}&#8221;][et_pb_column type=&#8221;4_4&#8243; _builder_version=&#8221;4.20.2&#8243; _module_preset=&#8221;default&#8221; global_colors_info=&#8221;{}&#8221;][et_pb_text _builder_version=&#8221;4.20.2&#8243; _module_preset=&#8221;default&#8221; global_colors_info=&#8221;{}&#8221;]<\/p>\n<h3><strong>Aceita\u00e7\u00e3o dos Termos<\/strong><\/h3>\n<p><span style=\"font-weight: 400;\">Ao aceder ou utilizar o nosso servi\u00e7o, o utilizador concorda com estes termos e condi\u00e7\u00f5es e com todas as leis e regulamentos aplic\u00e1veis. Se o utilizador n\u00e3o concordar com estes termos e condi\u00e7\u00f5es, n\u00e3o poder\u00e1 utilizar o nosso servi\u00e7o.<\/span><\/p>\n<p>[\/et_pb_text][et_pb_text _builder_version=&#8221;4.20.2&#8243; _module_preset=&#8221;default&#8221; custom_margin=&#8221;30px||||false|false&#8221; global_colors_info=&#8221;{}&#8221;]<\/p>\n<h3>Propriedade Intelectual<\/h3>\n<p><span style=\"font-weight: 400;\">Todos os conte\u00fados e materiais do nosso servi\u00e7o, incluindo mas n\u00e3o limitado ao texto, gr\u00e1ficos, log\u00f3tipos, imagens, software e clips de \u00e1udio ou v\u00eddeo, s\u00e3o propriedade ou licenciados pela SMIITY ou pelas suas afiliadas e est\u00e3o protegidos por direitos de autor, marcas registadas, patentes e outras leis de propriedade intelectual. O utilizador n\u00e3o pode utilizar ou reproduzir qualquer conte\u00fado ou material do nosso servi\u00e7o sem o nosso consentimento expresso por escrito.<\/span><\/p>\n<p>[\/et_pb_text][et_pb_text _builder_version=&#8221;4.20.2&#8243; _module_preset=&#8221;default&#8221; custom_margin=&#8221;30px||||false|false&#8221; global_colors_info=&#8221;{}&#8221;]<\/p>\n<h3>Utiliza\u00e7\u00e3o do Servi\u00e7o<\/h3>\n<p>O utilizador s\u00f3 pode utilizar o nosso servi\u00e7o para fins legais e em conformidade com os presentes termos e condi\u00e7\u00f5es. O utilizador n\u00e3o pode utilizar o nosso servi\u00e7o:<\/p>\n<ul>\n<li style=\"font-weight: 400;\" aria-level=\"1\"><span style=\"font-weight: 400;\">De qualquer forma que viole qualquer lei ou regulamento federal, estatal, local ou internacional aplic\u00e1vel;<\/span><\/li>\n<li style=\"font-weight: 400;\" aria-level=\"1\"><span style=\"font-weight: 400;\">Para transmitir, ou obter o envio de, qualquer material publicit\u00e1rio ou promocional, incluindo qualquer &#8220;correio n\u00e3o solicitado&#8221;, &#8220;carta em cadeia&#8221;, &#8220;spam&#8221; ou qualquer outra solicita\u00e7\u00e3o semelhante;<\/span><\/li>\n<li style=\"font-weight: 400;\" aria-level=\"1\"><span style=\"font-weight: 400;\">Para fazer-se passar por ou tentar fazer-se passar pela SMIITY ou por qualquer um dos seus funcion\u00e1rios, agentes ou afiliados;<\/span><\/li>\n<li style=\"font-weight: 400;\" aria-level=\"1\"><span style=\"font-weight: 400;\">Para envolver-se em qualquer outra conduta que restrinja ou iniba a utiliza\u00e7\u00e3o ou usufruto do nosso servi\u00e7o por qualquer pessoa, ou que, conforme determinado por n\u00f3s, possa prejudicar a SMIITY ou os utilizadores do nosso servi\u00e7o ou exp\u00f4-los a responsabilidades.<\/span><\/li>\n<\/ul>\n<p>[\/et_pb_text][et_pb_text _builder_version=&#8221;4.20.2&#8243; _module_preset=&#8221;default&#8221; custom_margin=&#8221;30px||||false|false&#8221; global_colors_info=&#8221;{}&#8221;]<\/p>\n<h3>Contas de Utilizador<\/h3>\n<p>Para aceder a determinadas funcionalidades do nosso servi\u00e7o, poder\u00e1 ser necess\u00e1rio registar uma conta de utilizador.<\/p>\n<p>O utilizador concorda em fornecer informa\u00e7\u00f5es exatas e completas ao criar ou atualizar a sua conta. O utilizador \u00e9 o \u00fanico respons\u00e1vel por manter a confidencialidade da sua conta e palavra-passe e por restringir o acesso ao seu computador ou dispositivo m\u00f3vel. O utilizador aceita a responsabilidade por todas as atividades que ocorram na sua conta ou palavra-passe.<\/p>\n<p>[\/et_pb_text][et_pb_text _builder_version=&#8221;4.20.2&#8243; _module_preset=&#8221;default&#8221; custom_margin=&#8221;30px||||false|false&#8221; global_colors_info=&#8221;{}&#8221;]<\/p>\n<h3>Limita\u00e7\u00e3o de Responsabilidade<\/h3>\n<p><span style=\"font-weight: 400;\">A SMIITY e as suas afiliadas, licenciantes e fornecedores de servi\u00e7os n\u00e3o ser\u00e3o respons\u00e1veis por quaisquer danos diretos, indiretos, acidentais, especiais ou consequenciais resultantes da utiliza\u00e7\u00e3o ou incapacidade de utiliza\u00e7\u00e3o do nosso servi\u00e7o, incluindo, mas n\u00e3o se limitando a, danos por perda de lucros, boa vontade, dados ou outras perdas intang\u00edveis.<\/span><\/p>\n<p>[\/et_pb_text][et_pb_text _builder_version=&#8221;4.20.2&#8243; _module_preset=&#8221;default&#8221; custom_margin=&#8221;30px||||false|false&#8221; global_colors_info=&#8221;{}&#8221;]<\/p>\n<h3>Indemniza\u00e7\u00e3o<\/h3>\n<p>Concorda em indemnizar, defender e isentar a SMIITY e as suas afiliadas, licenciantes e fornecedores de servi\u00e7os de qualquer reclama\u00e7\u00e3o ou exig\u00eancia, incluindo honor\u00e1rios razo\u00e1veis de advogados, feita por qualquer terceiro devido a ou resultante da sua viola\u00e7\u00e3o destes termos e condi\u00e7\u00f5es ou da sua viola\u00e7\u00e3o de qualquer lei ou dos direitos de um terceiro.<\/p>\n<p>[\/et_pb_text][et_pb_text _builder_version=&#8221;4.20.2&#8243; _module_preset=&#8221;default&#8221; custom_margin=&#8221;30px||||false|false&#8221; global_colors_info=&#8221;{}&#8221;]<\/p>\n<h3>Altera\u00e7\u00f5es aos Termos e Condi\u00e7\u00f5es<\/h3>\n<p>Podemos alterar estes termos e condi\u00e7\u00f5es em qualquer altura sem aviso pr\u00e9vio. A utiliza\u00e7\u00e3o continuada do nosso servi\u00e7o ap\u00f3s tais modifica\u00e7\u00f5es constitui a aceita\u00e7\u00e3o dos novos termos e condi\u00e7\u00f5es.<\/p>\n<p>[\/et_pb_text][et_pb_text _builder_version=&#8221;4.20.2&#8243; _module_preset=&#8221;default&#8221; custom_margin=&#8221;30px||||false|false&#8221; global_colors_info=&#8221;{}&#8221;]<\/p>\n<h3>Legisla\u00e7\u00e3o Aplic\u00e1vel<\/h3>\n<p>Estes termos e condi\u00e7\u00f5es e a sua utiliza\u00e7\u00e3o do nosso servi\u00e7o ser\u00e3o regidos e interpretados de acordo com as leis de Portugal.<\/p>\n<p>[\/et_pb_text][et_pb_text _builder_version=&#8221;4.20.2&#8243; _module_preset=&#8221;default&#8221; custom_margin=&#8221;30px||||false|false&#8221; global_colors_info=&#8221;{}&#8221;]<\/p>\n<h3>Cessa\u00e7\u00e3o<\/h3>\n<p>Reservamo-nos ao direito de terminar ou suspender o acesso do utilizador ao nosso servi\u00e7o em qualquer altura, sem aviso pr\u00e9vio e por qualquer motivo.<\/p>\n<p>[\/et_pb_text][et_pb_text _builder_version=&#8221;4.20.2&#8243; _module_preset=&#8221;default&#8221; custom_margin=&#8221;30px||||false|false&#8221; global_colors_info=&#8221;{}&#8221;]<\/p>\n<h3>Contacte-nos<\/h3>\n<p><span style=\"font-weight: 400;\">Estes termos e condi\u00e7\u00f5es, juntamente com a nossa Pol\u00edtica de Privacidade, constituem o acordo integral entre o utilizador e a SMIITY no que diz respeito \u00e0 utiliza\u00e7\u00e3o do nosso servi\u00e7o.<\/span><\/p>\n<p><span style=\"font-weight: 400;\">Se tiver quaisquer quest\u00f5es ou coment\u00e1rios sobre estes termos e condi\u00e7\u00f5es, por favor contacte-nos no Parque Tecnol\u00f3gico de \u00d3bidos &#8211; Rua da Criatividade &#8211; 2510-216 \u00d3bidos, Portugal ou utilizando o endere\u00e7o de e-mail <\/span><a href=\"mailto:info@smiity.com\"><span style=\"font-weight: 400;\">info@smiity.com<\/span><\/a><span style=\"font-weight: 400;\">. <\/span><\/p>\n<p>[\/et_pb_text][et_pb_text _builder_version=&#8221;4.20.2&#8243; _module_preset=&#8221;default&#8221; link_font=&#8221;||||on||||&#8221; link_text_color=&#8221;#001726&#8243; custom_margin=&#8221;50px||||false|false&#8221; locked=&#8221;off&#8221; global_colors_info=&#8221;{}&#8221;]<\/p>\n<p>\u00a92023 SMIITY. Todos os direitos reservados.<\/p>\n<p>\u00daltima Atualiza\u00e7\u00e3o: 7 de Agosto, 2023.<\/p>\n<p>[\/et_pb_text][\/et_pb_column][\/et_pb_row][\/et_pb_section][et_pb_section fb_built=&#8221;1&#8243; _builder_version=&#8221;4.20.2&#8243; _module_preset=&#8221;default&#8221; background_color=&#8221;RGBA(255,255,255,0)&#8221; locked=&#8221;off&#8221; global_colors_info=&#8221;{}&#8221;][et_pb_row custom_padding_last_edited=&#8221;on|tablet&#8221; _builder_version=&#8221;4.20.2&#8243; _module_preset=&#8221;default&#8221; custom_padding=&#8221;75px||75px||true|false&#8221; custom_padding_tablet=&#8221;50px||100px||false|false&#8221; custom_padding_phone=&#8221;0px||100px||false|false&#8221; locked=&#8221;off&#8221; global_colors_info=&#8221;{}&#8221;][et_pb_column type=&#8221;4_4&#8243; _builder_version=&#8221;4.20.2&#8243; _module_preset=&#8221;default&#8221; global_colors_info=&#8221;{}&#8221;][et_pb_button button_url=&#8221;@ET-DC@eyJkeW5hbWljIjp0cnVlLCJjb250ZW50IjoiaG9tZV91cmwiLCJzZXR0aW5ncyI6e319@&#8221; button_text=&#8221;Voltar \u00e0 homepage&#8221; _builder_version=&#8221;4.20.2&#8243; _dynamic_attributes=&#8221;button_url&#8221; _module_preset=&#8221;default&#8221; custom_margin_tablet=&#8221;&#8221; custom_margin_phone=&#8221;50px||||false|false&#8221; custom_margin_last_edited=&#8221;on|phone&#8221; global_colors_info=&#8221;{}&#8221;][\/et_pb_button][\/et_pb_column][\/et_pb_row][\/et_pb_section][et_pb_section fb_built=&#8221;1&#8243; disabled_on=&#8221;on|on|off&#8221; admin_label=&#8221;Contact icon&#8221; module_id=&#8221;contact-sticky&#8221; _builder_version=&#8221;4.20.2&#8243; _module_preset=&#8221;default&#8221; background_color=&#8221;#e8f6ff&#8221; positioning=&#8221;fixed&#8221; position_origin_f=&#8221;center_right&#8221; z_index=&#8221;500&#8243; custom_padding=&#8221;0px|0px|0px|0px|true|true&#8221; custom_css_main_element=&#8221;width: fit-content;||top: 75%!important;&#8221; border_radii=&#8221;off|4px|||4px&#8221; box_shadow_style=&#8221;preset1&#8243; box_shadow_blur=&#8221;8px&#8221; global_module=&#8221;1244&#8243; global_colors_info=&#8221;{}&#8221;][et_pb_row _builder_version=&#8221;4.20.2&#8243; _module_preset=&#8221;default&#8221; custom_padding=&#8221;0px|0px|0px|0px|true|true&#8221; custom_css_main_element=&#8221;width: fit-content!important;&#8221; global_colors_info=&#8221;{}&#8221;][et_pb_column type=&#8221;4_4&#8243; _builder_version=&#8221;4.20.2&#8243; _module_preset=&#8221;default&#8221; global_colors_info=&#8221;{}&#8221;][et_pb_image src=&#8221;https:\/\/smiity.com\/wp-content\/uploads\/2023\/08\/material-symbols_mail-outline.svg&#8221; title_text=&#8221;material-symbols_mail-outline&#8221; url=&#8221;@ET-DC@eyJkeW5hbWljIjp0cnVlLCJjb250ZW50IjoicG9zdF9saW5rX3VybF9wYWdlIiwic2V0dGluZ3MiOnsicG9zdF9pZCI6IjM0In19@&#8221; _builder_version=&#8221;4.20.2&#8243; _dynamic_attributes=&#8221;url&#8221; _module_preset=&#8221;default&#8221; custom_padding=&#8221;10px|10px|10px|10px|true|true&#8221; custom_css_main_element=&#8221;width: fit-content;&#8221; global_colors_info=&#8221;{}&#8221;][\/et_pb_image][\/et_pb_column][\/et_pb_row][\/et_pb_section]<\/p>\n","protected":false},"excerpt":{"rendered":"<p>Termos e Condi\u00e7\u00f5es &#8211; Leia todos os termos e condi\u00e7\u00f5es quando utilizar o nosso website.<\/p>\n","protected":false},"author":1,"featured_media":0,"parent":0,"menu_order":8,"comment_status":"closed","ping_status":"closed","template":"","meta":{"_et_pb_use_builder":"on","_et_pb_old_content":"","_et_gb_content_width":"","inline_featured_image":false,"footnotes":""},"class_list":["post-1292","page","type-page","status-publish","hentry"],"_links":{"self":[{"href":"https:\/\/smiity.com\/pt-pt\/wp-json\/wp\/v2\/pages\/1292","targetHints":{"allow":["GET"]}}],"collection":[{"href":"https:\/\/smiity.com\/pt-pt\/wp-json\/wp\/v2\/pages"}],"about":[{"href":"https:\/\/smiity.com\/pt-pt\/wp-json\/wp\/v2\/types\/page"}],"author":[{"embeddable":true,"href":"https:\/\/smiity.com\/pt-pt\/wp-json\/wp\/v2\/users\/1"}],"replies":[{"embeddable":true,"href":"https:\/\/smiity.com\/pt-pt\/wp-json\/wp\/v2\/comments?post=1292"}],"version-history":[{"count":6,"href":"https:\/\/smiity.com\/pt-pt\/wp-json\/wp\/v2\/pages\/1292\/revisions"}],"predecessor-version":[{"id":1567,"href":"https:\/\/smiity.com\/pt-pt\/wp-json\/wp\/v2\/pages\/1292\/revisions\/1567"}],"wp:attachment":[{"href":"https:\/\/smiity.com\/pt-pt\/wp-json\/wp\/v2\/media?parent=1292"}],"curies":[{"name":"wp","href":"https:\/\/api.w.org\/{rel}","templated":true}]}}