{"id":1290,"date":"2023-03-16T14:58:09","date_gmt":"2023-03-16T14:58:09","guid":{"rendered":"https:\/\/smiity.com\/contact-us\/"},"modified":"2024-03-07T15:39:57","modified_gmt":"2024-03-07T15:39:57","slug":"contactos","status":"publish","type":"page","link":"https:\/\/smiity.com\/pt-pt\/contactos\/","title":{"rendered":"Contacte-nos"},"content":{"rendered":"<p>[et_pb_section fb_built=&#8221;1&#8243; admin_label=&#8221;Header&#8221; _builder_version=&#8221;4.20.2&#8243; _module_preset=&#8221;default&#8221; background_image=&#8221;https:\/\/smiity.com\/wp-content\/uploads\/2023\/08\/Rectangle-79-scaled.jpg&#8221; custom_padding=&#8221;20px||||false|false&#8221; background_last_edited=&#8221;on|phone&#8221; background_image_phone=&#8221;https:\/\/smiity.com\/wp-content\/uploads\/2023\/08\/Rectangle-71-scaled.jpg&#8221; background_enable_image_phone=&#8221;on&#8221; custom_css_main_element=&#8221;min-height: calc(100vh &#8211; 80px);||position: relative;&#8221; locked=&#8221;off&#8221; collapsed=&#8221;on&#8221; global_colors_info=&#8221;{}&#8221; custom_css_main_element_last_edited=&#8221;off|desktop&#8221; custom_css_main_element_tablet=&#8221;min-height: 100vh;&#8221; custom_css_main_element_phone=&#8221;min-height: 100vh;&#8221;][et_pb_row _builder_version=&#8221;4.20.2&#8243; _module_preset=&#8221;default&#8221; custom_padding=&#8221;0px||0px||true|false&#8221; global_colors_info=&#8221;{}&#8221;][et_pb_column type=&#8221;4_4&#8243; _builder_version=&#8221;4.20.2&#8243; _module_preset=&#8221;default&#8221; global_colors_info=&#8221;{}&#8221;][et_pb_text _builder_version=&#8221;4.20.2&#8243; _module_preset=&#8221;default&#8221; text_text_color=&#8221;#001726&#8243; text_font_size=&#8221;12px&#8221; text_line_height=&#8221;15px&#8221; link_text_color=&#8221;#001726&#8243; text_font_size_tablet=&#8221;10px&#8221; text_line_height_tablet=&#8221;15px&#8221; global_colors_info=&#8221;{}&#8221;]<\/p>\n<p><a href=\"https:\/\/smiity.com\/pt-pt\/\">Home<\/a> &gt; <a href=\"https:\/\/smiity.com\/pt-pt\/contact-us\/\">Contacte-nos<\/a><\/p>\n<p>[\/et_pb_text][\/et_pb_column][\/et_pb_row][et_pb_row _builder_version=&#8221;4.20.2&#8243; _module_preset=&#8221;default&#8221; custom_css_main_element=&#8221;position: absolute;||bottom: 100px;||right: 10%;&#8221; global_colors_info=&#8221;{}&#8221; custom_css_main_element_last_edited=&#8221;on|phone&#8221; custom_css_main_element_tablet=&#8221;position: absolute;||bottom: 50px;||right: 0;||left: 0;||&#8221; custom_css_main_element_phone=&#8221;position: absolute;||bottom: 50px;||left: 0;||right: 0;||&#8221;][et_pb_column type=&#8221;4_4&#8243; _builder_version=&#8221;4.20.2&#8243; _module_preset=&#8221;default&#8221; global_colors_info=&#8221;{}&#8221;][et_pb_text _builder_version=&#8221;4.20.2&#8243; _module_preset=&#8221;default&#8221; text_text_color=&#8221;#001726&#8243; header_text_color=&#8221;#001726&#8243; header_3_text_color=&#8221;#FFFFFF&#8221; background_color=&#8221;rgba(255,255,255,0.46)&#8221; width=&#8221;70%&#8221; width_tablet=&#8221;100%&#8221; width_phone=&#8221;100%&#8221; width_last_edited=&#8221;on|tablet&#8221; module_alignment=&#8221;right&#8221; custom_padding=&#8221;10px|20px|10px|20px|true|true&#8221; custom_css_main_element=&#8221;backdrop-filter: blur(10px);||margin-top: auto;&#8221; border_radii=&#8221;on|4px|4px|4px|4px&#8221; global_colors_info=&#8221;{}&#8221;]<\/p>\n<h1>Envie-nos uma Mensagem<\/h1>\n<p>Gostava de saber mais sobre a nossa plataforma de smart tourism? Quer tornar-se um parceiro SMIITY? Contacte a nossa equipa!<\/p>\n<p>[\/et_pb_text][\/et_pb_column][\/et_pb_row][\/et_pb_section][et_pb_section fb_built=&#8221;1&#8243; _builder_version=&#8221;4.20.2&#8243; _module_preset=&#8221;default&#8221; background_color=&#8221;RGBA(255,255,255,0)&#8221; background_image=&#8221;https:\/\/smiity.com\/wp-content\/uploads\/2023\/08\/Contact-us1.svg&#8221; global_colors_info=&#8221;{}&#8221;][et_pb_row column_structure=&#8221;1_2,1_2&#8243; _builder_version=&#8221;4.20.2&#8243; _module_preset=&#8221;default&#8221; custom_css_main_element=&#8221;  display: flex;||  align-items: center;||  justify-content: center;&#8221; global_colors_info=&#8221;{}&#8221; custom_css_main_element_last_edited=&#8221;on|tablet&#8221; custom_css_main_element_tablet=&#8221;display: block;&#8221; custom_css_main_element_phone=&#8221;display: block;&#8221;][et_pb_column type=&#8221;1_2&#8243; _builder_version=&#8221;4.20.2&#8243; _module_preset=&#8221;default&#8221; global_colors_info=&#8221;{}&#8221;][et_pb_image src=&#8221;https:\/\/smiity.com\/wp-content\/uploads\/2023\/08\/Frame30.svg&#8221; title_text=&#8221;Frame(30)&#8221; align=&#8221;center&#8221; _builder_version=&#8221;4.20.2&#8243; _module_preset=&#8221;default&#8221; hover_enabled=&#8221;0&#8243; global_colors_info=&#8221;{}&#8221; alt=&#8221;Contacte-nos Contact Us&#8221; sticky_enabled=&#8221;0&#8243;][\/et_pb_image][\/et_pb_column][et_pb_column type=&#8221;1_2&#8243; _builder_version=&#8221;4.20.2&#8243; _module_preset=&#8221;default&#8221; global_colors_info=&#8221;{}&#8221;][et_pb_text _builder_version=&#8221;4.20.2&#8243; _module_preset=&#8221;default&#8221; global_colors_info=&#8221;{}&#8221;]<\/p>\n<h3>Os campos assinalados com um asterisco (*) s\u00e3o obrigat\u00f3rios para preencher o formul\u00e1rio.<\/h3>\n<p>[\/et_pb_text][et_pb_text module_id=&#8221;contact-form&#8221; _builder_version=&#8221;4.20.2&#8243; _module_preset=&#8221;default&#8221; global_colors_info=&#8221;{}&#8221;]<\/p>\n\n<div class=\"wpcf7 no-js\" id=\"wpcf7-f1427-o1\" lang=\"pt-PT\" dir=\"ltr\" data-wpcf7-id=\"1427\">\n<div class=\"screen-reader-response\"><p role=\"status\" aria-live=\"polite\" aria-atomic=\"true\"><\/p> <ul><\/ul><\/div>\n<form action=\"\/pt-pt\/wp-json\/wp\/v2\/pages\/1290#wpcf7-f1427-o1\" method=\"post\" class=\"wpcf7-form init\" aria-label=\"Formul\u00e1rio de contacto\" novalidate=\"novalidate\" data-status=\"init\">\n<fieldset class=\"hidden-fields-container\"><input type=\"hidden\" name=\"_wpcf7\" value=\"1427\" \/><input type=\"hidden\" name=\"_wpcf7_version\" value=\"6.1.5\" \/><input type=\"hidden\" name=\"_wpcf7_locale\" value=\"pt_PT\" \/><input type=\"hidden\" name=\"_wpcf7_unit_tag\" value=\"wpcf7-f1427-o1\" \/><input type=\"hidden\" name=\"_wpcf7_container_post\" value=\"0\" \/><input type=\"hidden\" name=\"_wpcf7_posted_data_hash\" value=\"\" \/><input type=\"hidden\" name=\"_wpcf7_recaptcha_response\" value=\"\" \/>\n<\/fieldset>\n<p><label class = \"col-50-left\"> Nome* <span class=\"wpcf7-form-control-wrap\" data-name=\"user-first-name\"><input size=\"40\" maxlength=\"400\" class=\"wpcf7-form-control wpcf7-text wpcf7-validates-as-required\" aria-required=\"true\" aria-invalid=\"false\" placeholder=\"Nome\" value=\"\" type=\"text\" name=\"user-first-name\" \/><\/span> <\/label><label class = \"col-50-right\"><span class=\"wpcf7-form-control-wrap\" data-name=\"user-last-name\"><input size=\"40\" maxlength=\"400\" class=\"wpcf7-form-control wpcf7-text wpcf7-validates-as-required\" aria-required=\"true\" aria-invalid=\"false\" placeholder=\"Apelido\" value=\"\" type=\"text\" name=\"user-last-name\" \/><\/span> <\/label><label class = \"col-phone\"> T\u00e9lem\u00f3vel <span class=\"wpcf7-form-control-wrap\" data-name=\"user-phone\"><input size=\"40\" maxlength=\"400\" class=\"wpcf7-form-control wpcf7-tel wpcf7-text wpcf7-validates-as-tel\" aria-invalid=\"false\" placeholder=\"Telem\u00f3vel\" value=\"\" type=\"tel\" name=\"user-phone\" \/><\/span><\/label><label class = \"col-email\"> Email*<span class=\"wpcf7-form-control-wrap\" data-name=\"user-email\"><input size=\"40\" maxlength=\"400\" class=\"wpcf7-form-control wpcf7-email wpcf7-validates-as-required wpcf7-text wpcf7-validates-as-email\" aria-required=\"true\" aria-invalid=\"false\" placeholder=\"exemplo@exemplo.com\" value=\"\" type=\"email\" name=\"user-email\" \/><\/span> <\/label><label class = \"col-50-left\"> Cargo*<span class=\"wpcf7-form-control-wrap\" data-name=\"user-job-title\"><input size=\"40\" maxlength=\"400\" class=\"wpcf7-form-control wpcf7-text wpcf7-validates-as-required\" aria-required=\"true\" aria-invalid=\"false\" placeholder=\"Cargo\" value=\"\" type=\"text\" name=\"user-job-title\" \/><\/span> <\/label><label class = \"col-50-right\"> Nome da Empresa*<span class=\"wpcf7-form-control-wrap\" data-name=\"entity-name\"><input size=\"40\" maxlength=\"400\" class=\"wpcf7-form-control wpcf7-text wpcf7-validates-as-required\" aria-required=\"true\" aria-invalid=\"false\" placeholder=\"Nome da Empresa\" value=\"\" type=\"text\" name=\"entity-name\" \/><\/span> <\/label><label class = \"col-50-left\"> Tamanho da Empresa* <span class=\"wpcf7-form-control-wrap\" data-name=\"entity-size\"><select class=\"wpcf7-form-control wpcf7-select wpcf7-validates-as-required\" aria-required=\"true\" aria-invalid=\"false\" name=\"entity-size\"><option value=\"1-10\">1-10<\/option><option value=\"11-50\">11-50<\/option><option value=\"51-100\">51-100<\/option><option value=\"+100\">+100<\/option><\/select><\/span> <\/label><label class = \"col-50-right\"> Como descobriu a Smiity?*<span class=\"wpcf7-form-control-wrap\" data-name=\"dropdown-marketing\"><select class=\"wpcf7-form-control wpcf7-select wpcf7-validates-as-required\" aria-required=\"true\" aria-invalid=\"false\" name=\"dropdown-marketing\"><option value=\"Pesquisa do Google\">Pesquisa do Google<\/option><option value=\"Evento\">Evento<\/option><option value=\"Imprensa\">Imprensa<\/option><option value=\"Redes Sociais\">Redes Sociais<\/option><option value=\"Outros\">Outros<\/option><\/select><\/span><\/label><label class = \"col-100\"> Mensagem <span class=\"wpcf7-form-control-wrap\" data-name=\"message\"><textarea cols=\"40\" rows=\"10\" maxlength=\"2000\" class=\"wpcf7-form-control wpcf7-textarea\" aria-invalid=\"false\" placeholder=\"Escreva aqui a sua mensagem\" name=\"message\"><\/textarea><\/span><\/label><span class = \"terms\"><span class=\"wpcf7-form-control-wrap\" data-name=\"checkbox-terms\"><span class=\"wpcf7-form-control wpcf7-checkbox wpcf7-validates-as-required checkbox-big\"><span class=\"wpcf7-list-item first last\"><input type=\"checkbox\" name=\"checkbox-terms[]\" value=\"Aceito ser contactado pela Smiity e aceito os\" \/><span class=\"wpcf7-list-item-label\">Aceito ser contactado pela Smiity e aceito os<\/span><\/span><\/span><\/span><a href=\"https:\/\/smiity.com\/pt-pt\/termos-condicoes\/\" target=\"_blank\"> Termos e Condi\u00e7\u00f5es<\/a> e <a href=\"https:\/\/smiity.com\/pt-pt\/politica-privacidade\/\" target=\"_blank\">Pol\u00edtica de Privacidade.<\/a><\/span><input class=\"wpcf7-form-control wpcf7-submit has-spinner\" type=\"submit\" value=\"Enviar\" \/>\n<\/p><div class=\"wpcf7-response-output\" aria-hidden=\"true\"><\/div>\n<\/form>\n<\/div>\n\n<p>[\/et_pb_text][\/et_pb_column][\/et_pb_row][\/et_pb_section][et_pb_section fb_built=&#8221;1&#8243; disabled_on=&#8221;on|on|off&#8221; admin_label=&#8221;Contact icon&#8221; module_id=&#8221;contact-sticky&#8221; _builder_version=&#8221;4.20.2&#8243; _module_preset=&#8221;default&#8221; background_color=&#8221;#e8f6ff&#8221; positioning=&#8221;fixed&#8221; position_origin_f=&#8221;center_right&#8221; z_index=&#8221;500&#8243; custom_padding=&#8221;0px|0px|0px|0px|true|true&#8221; custom_css_main_element=&#8221;width: fit-content;||top: 75%!important;&#8221; border_radii=&#8221;off|4px|||4px&#8221; box_shadow_style=&#8221;preset1&#8243; box_shadow_blur=&#8221;8px&#8221; global_module=&#8221;1244&#8243; global_colors_info=&#8221;{}&#8221;][et_pb_row _builder_version=&#8221;4.20.2&#8243; _module_preset=&#8221;default&#8221; custom_padding=&#8221;0px|0px|0px|0px|true|true&#8221; custom_css_main_element=&#8221;width: fit-content!important;&#8221; global_colors_info=&#8221;{}&#8221;][et_pb_column type=&#8221;4_4&#8243; _builder_version=&#8221;4.20.2&#8243; _module_preset=&#8221;default&#8221; global_colors_info=&#8221;{}&#8221;][et_pb_image src=&#8221;https:\/\/smiity.com\/wp-content\/uploads\/2023\/08\/material-symbols_mail-outline.svg&#8221; title_text=&#8221;material-symbols_mail-outline&#8221; url=&#8221;@ET-DC@eyJkeW5hbWljIjp0cnVlLCJjb250ZW50IjoicG9zdF9saW5rX3VybF9wYWdlIiwic2V0dGluZ3MiOnsicG9zdF9pZCI6IjM0In19@&#8221; _builder_version=&#8221;4.20.2&#8243; _dynamic_attributes=&#8221;url&#8221; _module_preset=&#8221;default&#8221; custom_padding=&#8221;10px|10px|10px|10px|true|true&#8221; custom_css_main_element=&#8221;width: fit-content;&#8221; global_colors_info=&#8221;{}&#8221;][\/et_pb_image][\/et_pb_column][\/et_pb_row][\/et_pb_section]<\/p>\n","protected":false},"excerpt":{"rendered":"<p>Contacte-nos &#8211; Transformamos as cidades em smart cities interativas. Entre em contacto com a nossa equipa e marque uma demonstra\u00e7\u00e3o gratuita ao vivo. <\/p>\n","protected":false},"author":1,"featured_media":0,"parent":0,"menu_order":6,"comment_status":"closed","ping_status":"closed","template":"","meta":{"_et_pb_use_builder":"on","_et_pb_old_content":"","_et_gb_content_width":"","inline_featured_image":false,"footnotes":""},"class_list":["post-1290","page","type-page","status-publish","hentry"],"_links":{"self":[{"href":"https:\/\/smiity.com\/pt-pt\/wp-json\/wp\/v2\/pages\/1290","targetHints":{"allow":["GET"]}}],"collection":[{"href":"https:\/\/smiity.com\/pt-pt\/wp-json\/wp\/v2\/pages"}],"about":[{"href":"https:\/\/smiity.com\/pt-pt\/wp-json\/wp\/v2\/types\/page"}],"author":[{"embeddable":true,"href":"https:\/\/smiity.com\/pt-pt\/wp-json\/wp\/v2\/users\/1"}],"replies":[{"embeddable":true,"href":"https:\/\/smiity.com\/pt-pt\/wp-json\/wp\/v2\/comments?post=1290"}],"version-history":[{"count":10,"href":"https:\/\/smiity.com\/pt-pt\/wp-json\/wp\/v2\/pages\/1290\/revisions"}],"predecessor-version":[{"id":1751,"href":"https:\/\/smiity.com\/pt-pt\/wp-json\/wp\/v2\/pages\/1290\/revisions\/1751"}],"wp:attachment":[{"href":"https:\/\/smiity.com\/pt-pt\/wp-json\/wp\/v2\/media?parent=1290"}],"curies":[{"name":"wp","href":"https:\/\/api.w.org\/{rel}","templated":true}]}}