{"id":1284,"date":"2023-08-07T09:33:41","date_gmt":"2023-08-07T09:33:41","guid":{"rendered":"https:\/\/smiity.com\/news\/"},"modified":"2024-03-07T14:42:09","modified_gmt":"2024-03-07T14:42:09","slug":"noticias","status":"publish","type":"page","link":"https:\/\/smiity.com\/pt-pt\/noticias\/","title":{"rendered":"Not\u00edcias"},"content":{"rendered":"<p>[et_pb_section fb_built=&#8221;1&#8243; admin_label=&#8221;Header&#8221; _builder_version=&#8221;4.20.2&#8243; _module_preset=&#8221;default&#8221; background_image=&#8221;https:\/\/smiity.com\/wp-content\/uploads\/2023\/08\/Rectangle-77-scaled.jpg&#8221; custom_padding=&#8221;20px||||false|false&#8221; hover_enabled=&#8221;0&#8243; background_last_edited=&#8221;on|phone&#8221; background_image_phone=&#8221;https:\/\/smiity.com\/wp-content\/uploads\/2023\/08\/Rectangle-25-scaled.jpg&#8221; background_enable_image_phone=&#8221;on&#8221; custom_css_main_element=&#8221;min-height: calc(100vh &#8211; 80px);||position: relative;&#8221; locked=&#8221;off&#8221; collapsed=&#8221;on&#8221; global_colors_info=&#8221;{}&#8221; custom_css_main_element_last_edited=&#8221;off|desktop&#8221; custom_css_main_element_tablet=&#8221;min-height: 100vh;&#8221; custom_css_main_element_phone=&#8221;min-height: 100vh;&#8221; alt=&#8221;not\u00edcias news&#8221; title_text=&#8221;Rectangle 77&#8243; sticky_enabled=&#8221;0&#8243; min_height=&#8221;698px&#8221;][et_pb_row _builder_version=&#8221;4.20.2&#8243; _module_preset=&#8221;default&#8221; custom_padding=&#8221;0px||0px||true|false&#8221; global_colors_info=&#8221;{}&#8221;][et_pb_column type=&#8221;4_4&#8243; _builder_version=&#8221;4.20.2&#8243; _module_preset=&#8221;default&#8221; global_colors_info=&#8221;{}&#8221;][et_pb_text _builder_version=&#8221;4.20.2&#8243; _module_preset=&#8221;default&#8221; text_text_color=&#8221;#001726&#8243; text_font_size=&#8221;12px&#8221; text_line_height=&#8221;15px&#8221; link_text_color=&#8221;#001726&#8243; text_font_size_tablet=&#8221;10px&#8221; text_line_height_tablet=&#8221;15px&#8221; global_colors_info=&#8221;{}&#8221;]<\/p>\n<p><a href=\"https:\/\/smiity.com\/pt-pt\/\">Home<\/a> &gt; <a href=\"https:\/\/smiity.com\/pt-pt\/news\/\">Not\u00edcias<\/a><\/p>\n<p>[\/et_pb_text][\/et_pb_column][\/et_pb_row][et_pb_row _builder_version=&#8221;4.20.2&#8243; _module_preset=&#8221;default&#8221; custom_css_main_element=&#8221;position: absolute;||bottom: 100px;||right: 10%;&#8221; global_colors_info=&#8221;{}&#8221; custom_css_main_element_last_edited=&#8221;on|phone&#8221; custom_css_main_element_tablet=&#8221;position: absolute;||bottom: 50px;||right: 0;||left: 0;||&#8221; custom_css_main_element_phone=&#8221;position: absolute;||bottom: 50px;||left: 0;||right: 0;||&#8221;][et_pb_column type=&#8221;4_4&#8243; _builder_version=&#8221;4.20.2&#8243; _module_preset=&#8221;default&#8221; global_colors_info=&#8221;{}&#8221;][et_pb_text _builder_version=&#8221;4.20.2&#8243; _module_preset=&#8221;default&#8221; text_text_color=&#8221;#001726&#8243; header_text_color=&#8221;#001726&#8243; header_3_text_color=&#8221;#FFFFFF&#8221; background_color=&#8221;rgba(255,255,255,0.46)&#8221; width=&#8221;70%&#8221; width_tablet=&#8221;100%&#8221; width_phone=&#8221;100%&#8221; width_last_edited=&#8221;on|tablet&#8221; module_alignment=&#8221;right&#8221; custom_padding=&#8221;10px|20px|10px|20px|true|true&#8221; custom_css_main_element=&#8221;backdrop-filter: blur(10px);||margin-top: auto;&#8221; border_radii=&#8221;on|4px|4px|4px|4px&#8221; global_colors_info=&#8221;{}&#8221;]<\/p>\n<h1>Fique a par das \u00faltimas not\u00edcias da SMIITY<\/h1>\n<p>Veja as \u00faltimas atualiza\u00e7\u00f5es, novas funcionalidades, destinos adicionados e muito mais.<\/p>\n<p>[\/et_pb_text][\/et_pb_column][\/et_pb_row][\/et_pb_section][et_pb_section fb_built=&#8221;1&#8243; _builder_version=&#8221;4.20.2&#8243; _module_preset=&#8221;default&#8221; background_color=&#8221;RGBA(255,255,255,0)&#8221; background_image=&#8221;https:\/\/smiity.com\/wp-content\/uploads\/2023\/08\/news1.svg&#8221; global_colors_info=&#8221;{}&#8221;][et_pb_row _builder_version=&#8221;4.20.2&#8243; _module_preset=&#8221;default&#8221; global_colors_info=&#8221;{}&#8221;][et_pb_column type=&#8221;4_4&#8243; _builder_version=&#8221;4.20.2&#8243; _module_preset=&#8221;default&#8221; global_colors_info=&#8221;{}&#8221;][et_pb_text _builder_version=&#8221;4.20.2&#8243; _module_preset=&#8221;default&#8221; global_colors_info=&#8221;{}&#8221;]<\/p>\n<h1>Not\u00edcias<\/h1>\n<p>Fique atento \u00e0s \u00faltimas atualiza\u00e7\u00f5es e n\u00e3o perca nenhuma novidade.<\/p>\n<p>[\/et_pb_text][et_pb_blog posts_number=&#8221;3&#8243; show_author=&#8221;off&#8221; show_categories=&#8221;off&#8221; module_id=&#8221;news&#8221; _builder_version=&#8221;4.20.2&#8243; _module_preset=&#8221;default&#8221; header_level=&#8221;h3&#8243; header_font=&#8221;|700|||||||&#8221; header_text_color=&#8221;#001726&#8243; header_font_size=&#8221;24px&#8221; header_line_height=&#8221;30px&#8221; body_text_color=&#8221;#001726&#8243; body_line_height=&#8221;22px&#8221; meta_text_color=&#8221;#001726&#8243; meta_font_size=&#8221;12px&#8221; meta_line_height=&#8221;15px&#8221; pagination_font=&#8221;||||on||||&#8221; pagination_text_color=&#8221;#003344&#8243; pagination_font_size=&#8221;18px&#8221; pagination_line_height=&#8221;22px&#8221; header_font_size_tablet=&#8221;20px&#8221; header_font_size_phone=&#8221;&#8221; header_font_size_last_edited=&#8221;on|tablet&#8221; header_line_height_tablet=&#8221;25px&#8221; header_line_height_phone=&#8221;&#8221; header_line_height_last_edited=&#8221;on|desktop&#8221; body_font_size_tablet=&#8221;14px&#8221; body_font_size_phone=&#8221;&#8221; body_font_size_last_edited=&#8221;on|tablet&#8221; body_line_height_tablet=&#8221;18px&#8221; body_line_height_phone=&#8221;&#8221; body_line_height_last_edited=&#8221;on|desktop&#8221; meta_font_size_tablet=&#8221;10px&#8221; meta_font_size_phone=&#8221;&#8221; meta_font_size_last_edited=&#8221;on|tablet&#8221; meta_line_height_tablet=&#8221;13px&#8221; meta_line_height_phone=&#8221;&#8221; meta_line_height_last_edited=&#8221;on|desktop&#8221; pagination_font_size_tablet=&#8221;14px&#8221; pagination_font_size_phone=&#8221;14px&#8221; pagination_font_size_last_edited=&#8221;on|tablet&#8221; pagination_line_height_tablet=&#8221;18px&#8221; pagination_line_height_phone=&#8221;18px&#8221; pagination_line_height_last_edited=&#8221;on|desktop&#8221; global_colors_info=&#8221;{}&#8221;][\/et_pb_blog][\/et_pb_column][\/et_pb_row][et_pb_row custom_padding_last_edited=&#8221;on|tablet&#8221; _builder_version=&#8221;4.20.2&#8243; _module_preset=&#8221;default&#8221; custom_padding=&#8221;75px||75px||true|false&#8221; custom_padding_tablet=&#8221;50px||100px||false|false&#8221; custom_padding_phone=&#8221;0px||100px||false|false&#8221; locked=&#8221;off&#8221; global_colors_info=&#8221;{}&#8221;][et_pb_column type=&#8221;4_4&#8243; _builder_version=&#8221;4.20.2&#8243; _module_preset=&#8221;default&#8221; global_colors_info=&#8221;{}&#8221;][et_pb_button button_url=&#8221;@ET-DC@eyJkeW5hbWljIjp0cnVlLCJjb250ZW50IjoicG9zdF9saW5rX3VybF9wYWdlIiwic2V0dGluZ3MiOnsicG9zdF9pZCI6IjM0In19@&#8221; button_text=&#8221;Contacte-nos&#8221; _builder_version=&#8221;4.20.2&#8243; _dynamic_attributes=&#8221;button_url&#8221; _module_preset=&#8221;default&#8221; custom_margin_tablet=&#8221;&#8221; custom_margin_phone=&#8221;50px||||false|false&#8221; custom_margin_last_edited=&#8221;on|phone&#8221; global_colors_info=&#8221;{}&#8221;][\/et_pb_button][\/et_pb_column][\/et_pb_row][\/et_pb_section][et_pb_section fb_built=&#8221;1&#8243; disabled_on=&#8221;on|on|off&#8221; admin_label=&#8221;Contact icon&#8221; module_id=&#8221;contact-sticky&#8221; _builder_version=&#8221;4.20.2&#8243; _module_preset=&#8221;default&#8221; background_color=&#8221;#e8f6ff&#8221; positioning=&#8221;fixed&#8221; position_origin_f=&#8221;center_right&#8221; z_index=&#8221;500&#8243; custom_padding=&#8221;0px|0px|0px|0px|true|true&#8221; custom_css_main_element=&#8221;width: fit-content;||top: 75%!important;&#8221; border_radii=&#8221;off|4px|||4px&#8221; box_shadow_style=&#8221;preset1&#8243; box_shadow_blur=&#8221;8px&#8221; global_module=&#8221;1244&#8243; global_colors_info=&#8221;{}&#8221;][et_pb_row _builder_version=&#8221;4.20.2&#8243; _module_preset=&#8221;default&#8221; custom_padding=&#8221;0px|0px|0px|0px|true|true&#8221; custom_css_main_element=&#8221;width: fit-content!important;&#8221; global_colors_info=&#8221;{}&#8221;][et_pb_column type=&#8221;4_4&#8243; _builder_version=&#8221;4.20.2&#8243; _module_preset=&#8221;default&#8221; global_colors_info=&#8221;{}&#8221;][et_pb_image src=&#8221;https:\/\/smiity.com\/wp-content\/uploads\/2023\/08\/material-symbols_mail-outline.svg&#8221; title_text=&#8221;material-symbols_mail-outline&#8221; url=&#8221;@ET-DC@eyJkeW5hbWljIjp0cnVlLCJjb250ZW50IjoicG9zdF9saW5rX3VybF9wYWdlIiwic2V0dGluZ3MiOnsicG9zdF9pZCI6IjM0In19@&#8221; _builder_version=&#8221;4.20.2&#8243; _dynamic_attributes=&#8221;url&#8221; _module_preset=&#8221;default&#8221; custom_padding=&#8221;10px|10px|10px|10px|true|true&#8221; custom_css_main_element=&#8221;width: fit-content;&#8221; global_colors_info=&#8221;{}&#8221;][\/et_pb_image][\/et_pb_column][\/et_pb_row][\/et_pb_section]<\/p>\n","protected":false},"excerpt":{"rendered":"<p>Not\u00edcias &#8211; Leia todas as not\u00edcias sobre pr\u00e9mios, lan\u00e7amentos e novidades da SMIITY e mantenha-se atualizado sobre todos os conte\u00fados.<\/p>\n","protected":false},"author":1,"featured_media":0,"parent":0,"menu_order":0,"comment_status":"closed","ping_status":"closed","template":"","meta":{"_et_pb_use_builder":"on","_et_pb_old_content":"","_et_gb_content_width":"","inline_featured_image":false,"footnotes":""},"class_list":["post-1284","page","type-page","status-publish","hentry"],"_links":{"self":[{"href":"https:\/\/smiity.com\/pt-pt\/wp-json\/wp\/v2\/pages\/1284","targetHints":{"allow":["GET"]}}],"collection":[{"href":"https:\/\/smiity.com\/pt-pt\/wp-json\/wp\/v2\/pages"}],"about":[{"href":"https:\/\/smiity.com\/pt-pt\/wp-json\/wp\/v2\/types\/page"}],"author":[{"embeddable":true,"href":"https:\/\/smiity.com\/pt-pt\/wp-json\/wp\/v2\/users\/1"}],"replies":[{"embeddable":true,"href":"https:\/\/smiity.com\/pt-pt\/wp-json\/wp\/v2\/comments?post=1284"}],"version-history":[{"count":9,"href":"https:\/\/smiity.com\/pt-pt\/wp-json\/wp\/v2\/pages\/1284\/revisions"}],"predecessor-version":[{"id":1741,"href":"https:\/\/smiity.com\/pt-pt\/wp-json\/wp\/v2\/pages\/1284\/revisions\/1741"}],"wp:attachment":[{"href":"https:\/\/smiity.com\/pt-pt\/wp-json\/wp\/v2\/media?parent=1284"}],"curies":[{"name":"wp","href":"https:\/\/api.w.org\/{rel}","templated":true}]}}